{"id":9410,"date":"2019-07-20T04:20:28","date_gmt":"2019-07-20T04:20:28","guid":{"rendered":"https:\/\/aksinekmek.com\/home-01\/"},"modified":"2025-05-28T13:39:22","modified_gmt":"2025-05-28T10:39:22","slug":"home-01","status":"publish","type":"page","link":"https:\/\/aksinekmek.com\/en\/","title":{"rendered":"Home"},"content":{"rendered":"<p>[vc_row][vc_column]\n\t\t\t<!-- START Home 01 REVOLUTION SLIDER 6.3.4 --><p class=\"rs-p-wp-fix\"><\/p>\n\t\t\t<rs-module-wrap id=\"rev_slider_5_1_wrapper\" data-source=\"gallery\" style=\"background:transparent;padding:0;margin:0px auto;margin-top:0;margin-bottom:0;\">\n\t\t\t\t<rs-module id=\"rev_slider_5_1\" style=\"\" data-version=\"6.3.4\">\n\t\t\t\t\t<rs-slides>\n\t\t\t\t\t\t<rs-slide data-key=\"rs-15\" data-title=\"Slide\" data-thumb=\"\/\/aksinekmek.com\/wp-content\/uploads\/2021\/08\/aksinekmek-slayt1-100x50.jpg\" data-anim=\"ei:d;eo:d;s:1000;r:0;t:fade;sl:0;\">\n\t\t\t\t\t\t\t<img loading=\"lazy\" decoding=\"async\" src=\"\/\/aksinekmek.com\/wp-content\/uploads\/2021\/08\/aksinekmek-slayt1.jpg\" title=\"aksinekmek-slayt1\" width=\"1920\" height=\"800\" class=\"rev-slidebg\" data-no-retina>\n<!---->\t\t\t\t\t\t<\/rs-slide>\n\t\t\t\t\t\t<rs-slide data-key=\"rs-17\" data-title=\"Slide\" data-thumb=\"\/\/aksinekmek.com\/wp-content\/uploads\/2021\/08\/aksinekmek-slayt3j-100x50.jpg\" data-anim=\"ei:d;eo:d;s:1000;r:0;t:fade;sl:0;\">\n\t\t\t\t\t\t\t<img loading=\"lazy\" decoding=\"async\" src=\"\/\/aksinekmek.com\/wp-content\/uploads\/2021\/08\/aksinekmek-slayt3j.jpg\" title=\"aksinekmek-slayt3j\" width=\"1920\" height=\"800\" class=\"rev-slidebg\" data-no-retina>\n<!---->\t\t\t\t\t\t<\/rs-slide>\n\t\t\t\t\t\t<rs-slide data-key=\"rs-16\" data-title=\"Slide\" data-thumb=\"\/\/aksinekmek.com\/wp-content\/uploads\/2021\/08\/aksinekmek-slay2x-100x50.jpg\" data-anim=\"ei:d;eo:d;s:1000;r:0;t:fade;sl:0;\">\n\t\t\t\t\t\t\t<img loading=\"lazy\" decoding=\"async\" src=\"\/\/aksinekmek.com\/wp-content\/uploads\/2021\/08\/aksinekmek-slay2x.jpg\" title=\"aksinekmek-slay2x\" width=\"1920\" height=\"800\" class=\"rev-slidebg\" data-no-retina>\n<!---->\t\t\t\t\t\t<\/rs-slide>\n\t\t\t\t\t\t<rs-slide data-key=\"rs-12\" data-title=\"Slide\" data-thumb=\"\/\/kcan.web.tr\/aksn\/wp-content\/uploads\/2019\/07\/Slider-01.jpg\" data-anim=\"ei:d;eo:d;s:d;r:default;t:boxslide;sl:d;\">\n\t\t\t\t\t\t\t<img loading=\"lazy\" decoding=\"async\" src=\"\/\/kcan.web.tr\/aksn\/wp-content\/uploads\/2019\/07\/Slider-01.jpg\" alt=\"Slider-01\" title=\"Slider-01\" width=\"1920\" height=\"960\" class=\"rev-slidebg\" data-no-retina>\n<!--\n\t\t\t\t\t\t\t--><rs-layer\n\t\t\t\t\t\t\t\tid=\"slider-5-slide-12-layer-1\" \n\t\t\t\t\t\t\t\tdata-type=\"image\"\n\t\t\t\t\t\t\t\tdata-rsp_ch=\"on\"\n\t\t\t\t\t\t\t\tdata-xy=\"x:c;xo:0,0,10px,0;yo:315px,170px,155px,114px;\"\n\t\t\t\t\t\t\t\tdata-text=\"s:20,20,20,20;l:22;a:inherit;\"\n\t\t\t\t\t\t\t\tdata-dim=\"w:1278px,970px,669px,445px;h:412px,313px,216px,144px;\"\n\t\t\t\t\t\t\t\tdata-frame_0=\"sX:0.9;sY:0.9;\"\n\t\t\t\t\t\t\t\tdata-frame_1=\"st:1000;sp:1500;sR:1000;\"\n\t\t\t\t\t\t\t\tdata-frame_999=\"y:-50px;o:0;tp:600;e:power2.inOut;st:w;sR:6500;\"\n\t\t\t\t\t\t\t\tstyle=\"z-index:8;\"\n\t\t\t\t\t\t\t><img loading=\"lazy\" decoding=\"async\" src=\"\/\/kcan.web.tr\/aksn\/wp-content\/uploads\/2019\/07\/Slider-02.png\" alt=\"Slider 02\" width=\"970\" height=\"313\" data-no-retina> \n\t\t\t\t\t\t\t<\/rs-layer><!--\n-->\t\t\t\t\t\t<\/rs-slide>\n\t\t\t\t\t<\/rs-slides>\n\t\t\t\t\t<rs-static-layers><!--\n\t\t\t\t\t--><\/rs-static-layers>\n\t\t\t\t<\/rs-module>\n\t\t\t\t<script type=\"text\/javascript\">\n\t\t\t\t\tsetREVStartSize({c: 'rev_slider_5_1',rl:[1240,1024,778,480],el:[800,768,650,600],gw:[1200,1024,778,480],gh:[800,768,650,600],type:'standard',justify:'',layout:'fullwidth',mh:\"0\"});\n\t\t\t\t\tvar\trevapi5,\n\t\t\t\t\t\ttpj;\n\t\t\t\t\tfunction revinit_revslider51() {\n\t\t\t\t\tjQuery(function() {\n\t\t\t\t\t\ttpj = jQuery;\n\t\t\t\t\t\trevapi5 = tpj(\"#rev_slider_5_1\");\n\t\t\t\t\t\tif(revapi5==undefined || revapi5.revolution == undefined){\n\t\t\t\t\t\t\trevslider_showDoubleJqueryError(\"rev_slider_5_1\");\n\t\t\t\t\t\t}else{\n\t\t\t\t\t\t\trevapi5.revolution({\n\t\t\t\t\t\t\t\tsliderLayout:\"fullwidth\",\n\t\t\t\t\t\t\t\tvisibilityLevels:\"1240,1024,778,480\",\n\t\t\t\t\t\t\t\tgridwidth:\"1200,1024,778,480\",\n\t\t\t\t\t\t\t\tgridheight:\"800,768,650,600\",\n\t\t\t\t\t\t\t\tspinner:\"spinner0\",\n\t\t\t\t\t\t\t\tperspective:600,\n\t\t\t\t\t\t\t\tperspectiveType:\"local\",\n\t\t\t\t\t\t\t\teditorheight:\"800,768,650,600\",\n\t\t\t\t\t\t\t\tresponsiveLevels:\"1240,1024,778,480\",\n\t\t\t\t\t\t\t\tprogressBar: {\n\t\t\t\t\t\t\t\t\tcolor:\"rgba(0,0,0,0.15)\",\n\t\t\t\t\t\t\t\t\tvertical:\"top\",\n\t\t\t\t\t\t\t\t\tsize:5,\n\t\t\t\t\t\t\t\t\tx:0,\n\t\t\t\t\t\t\t\t\ty:0\n\t\t\t\t\t\t\t\t},\n\t\t\t\t\t\t\t\tnavigation: {\n\t\t\t\t\t\t\t\t\tmouseScrollNavigation:false,\n\t\t\t\t\t\t\t\t\twheelCallDelay:1000,\n\t\t\t\t\t\t\t\t\tonHoverStop:false,\n\t\t\t\t\t\t\t\t\tarrows: {\n\t\t\t\t\t\t\t\t\t\tenable:true,\n\t\t\t\t\t\t\t\t\t\tstyle:\"porus\",\n\t\t\t\t\t\t\t\t\t\thide_onmobile:true,\n\t\t\t\t\t\t\t\t\t\thide_under:\"1200px\",\n\t\t\t\t\t\t\t\t\t\trtl:true,\n\t\t\t\t\t\t\t\t\t\tleft: {\n\t\t\t\t\t\t\t\t\t\t\th_offset:44\n\t\t\t\t\t\t\t\t\t\t},\n\t\t\t\t\t\t\t\t\t\tright: {\n\t\t\t\t\t\t\t\t\t\t\th_offset:44\n\t\t\t\t\t\t\t\t\t\t}\n\t\t\t\t\t\t\t\t\t}\n\t\t\t\t\t\t\t\t},\n\t\t\t\t\t\t\t\tfallbacks: {\n\t\t\t\t\t\t\t\t\tallowHTML5AutoPlayOnAndroid:true\n\t\t\t\t\t\t\t\t},\n\t\t\t\t\t\t\t});\n\t\t\t\t\t\t}\n\t\t\t\t\t\t\n\t\t\t\t\t});\n\t\t\t\t\t} \/\/ End of RevInitScript\n\t\t\t\tvar once_revslider51 = false;\n\t\t\t\tif (document.readyState === \"loading\") {document.addEventListener('readystatechange',function() { if((document.readyState === \"interactive\" || document.readyState === \"complete\") && !once_revslider51 ) { once_revslider51 = true; revinit_revslider51();}});} else {once_revslider51 = true; revinit_revslider51();}\n\t\t\t\t<\/script>\n\t\t\t\t<script>\n\t\t\t\t\tvar htmlDivCss = unescape(\"%23rev_slider_5_1_wrapper%20.porus.tparrows%20%7B%0A%09cursor%3Apointer%3B%0A%09width%3A50px%3B%0A%09height%3A50px%3B%0A%09position%3Aabsolute%3B%0A%09display%3Ablock%3B%0A%09z-index%3A1000%3B%0A%20%20%20%20border-radius%3A%2050%25%3B%0A%7D%0A%23rev_slider_5_1_wrapper%20.porus.tparrows%3Abefore%20%7B%0A%09font-family%3A%20%27Fontawesome%27%3B%0A%09font-size%3A12px%3B%0A%09display%3Ablock%3B%0A%09line-height%3A%2050px%3B%0A%09text-align%3A%20center%3B%0A%7D%0A%23rev_slider_5_1_wrapper%20.porus.tparrows.tp-leftarrow%3Abefore%20%7B%0A%09content%3A%20%27%5Cf060%27%3B%0A%7D%0A%23rev_slider_5_1_wrapper%20.porus.tparrows.tp-rightarrow%3Abefore%20%7B%0A%09content%3A%20%27%5Cf061%27%3B%0A%7D%0A\");\n\t\t\t\t\tvar htmlDiv = document.getElementById('rs-plugin-settings-inline-css');\n\t\t\t\t\tif(htmlDiv) {\n\t\t\t\t\t\thtmlDiv.innerHTML = htmlDiv.innerHTML + htmlDivCss;\n\t\t\t\t\t}else{\n\t\t\t\t\t\tvar htmlDiv = document.createElement('div');\n\t\t\t\t\t\thtmlDiv.innerHTML = '<style>' + htmlDivCss + '<\/style>';\n\t\t\t\t\t\tdocument.getElementsByTagName('head')[0].appendChild(htmlDiv.childNodes[0]);\n\t\t\t\t\t}\n\t\t\t\t<\/script>\n\t\t\t\t<script>\n\t\t\t\t\tvar htmlDivCss = unescape(\"%0A%0A%0A%0A%0A%0A\");\n\t\t\t\t\tvar htmlDiv = document.getElementById('rs-plugin-settings-inline-css');\n\t\t\t\t\tif(htmlDiv) {\n\t\t\t\t\t\thtmlDiv.innerHTML = htmlDiv.innerHTML + htmlDivCss;\n\t\t\t\t\t}else{\n\t\t\t\t\t\tvar htmlDiv = document.createElement('div');\n\t\t\t\t\t\thtmlDiv.innerHTML = '<style>' + htmlDivCss + '<\/style>';\n\t\t\t\t\t\tdocument.getElementsByTagName('head')[0].appendChild(htmlDiv.childNodes[0]);\n\t\t\t\t\t}\n\t\t\t\t<\/script>\n\t\t\t<\/rs-module-wrap>\n\t\t\t<!-- END REVOLUTION SLIDER -->\n[\/vc_column][\/vc_row][vc_row full_width=&#8221;stretch_row&#8221; css=&#8221;.vc_custom_1566558942915{background-image: url(http:\/\/aksinekmek.com\/wp-content\/uploads\/2019\/08\/bg-product-01.jpg?id=551) !important;background-position: center !important;background-repeat: no-repeat !important;background-size: cover !important;}&#8221; el_class=&#8221;custom-tab-01&#8243;][vc_column el_class=&#8221;vc-col-no-pt&#8221; css=&#8221;.vc_custom_1565335366159{padding-top: 0px !important;}&#8221;][g5element_space spacing=&#8221;32&#8243; spacing_lg=&#8221;80&#8243; spacing_md=&#8221;70&#8243; spacing_sm=&#8221;60&#8243; spacing_xs=&#8221;50&#8243;][g5element_heading layout_style=&#8221;style-02&#8243; title=&#8221;Products of the day&#8221; switch_line_field=&#8221;on&#8221;][g5element_space spacing=&#8221;10&#8243;][vc_tta_tabs style=&#8221;outline&#8221; shape=&#8221;round&#8221; color=&#8221;black&#8221; spacing=&#8221;30&#8243; gap=&#8221;10&#8243; alignment=&#8221;center&#8221; active_section=&#8221;1&#8243; el_class=&#8221;custom-tab-01&#8243;][vc_tta_section title=&#8221;Additives&#8221; tab_id=&#8221;1565321494724-a1fafc92-8613e06a-2ca2&#8243;][vc_row_inner equal_height=&#8221;yes&#8221; el_class=&#8221;image-box-mg-bt-img-5 custom-description-width-320&#8243;][vc_column_inner width=&#8221;1\/2&#8243; offset=&#8221;vc_col-lg-4 vc_col-md-6 vc_col-xs-12&#8243;][g5element_space spacing=&#8221;7&#8243;][g5element_image_box layout_style=&#8221;style-02&#8243; icon_image=&#8221;9179&#8243; img_style=&#8221;img-default&#8221; img_size=&#8221;img-size-origin&#8221; title=&#8221;Arsan 1&#8243; link=&#8221;url:http%3A%2F%2Faksinekmek.com%2Fproduct%2Farsan-1%2F&#8221;][\/g5element_image_box][g5element_space spacing=&#8221;20&#8243; spacing_lg=&#8221;20&#8243; spacing_md=&#8221;20&#8243; spacing_sm=&#8221;20&#8243; spacing_xs=&#8221;20&#8243;][\/vc_column_inner][vc_column_inner width=&#8221;1\/2&#8243; offset=&#8221;vc_col-lg-4 vc_col-md-6 vc_col-xs-12&#8243;][g5element_space spacing=&#8221;7&#8243;][g5element_image_box layout_style=&#8221;style-02&#8243; icon_image=&#8221;9168&#8243; img_style=&#8221;img-default&#8221; img_size=&#8221;img-size-origin&#8221; title=&#8221;Kardelen&#8221; link=&#8221;url:http%3A%2F%2Faksinekmek.com%2Fproduct%2Fkardelen%2F|title:Cinnamon%20Roll&#8221;][\/g5element_image_box][g5element_space spacing=&#8221;20&#8243; spacing_lg=&#8221;20&#8243; spacing_md=&#8221;20&#8243; spacing_sm=&#8221;20&#8243; spacing_xs=&#8221;20&#8243;][\/vc_column_inner][vc_column_inner width=&#8221;1\/2&#8243; offset=&#8221;vc_col-lg-4 vc_col-md-6 vc_col-xs-12&#8243;][g5element_space spacing=&#8221;7&#8243;][g5element_image_box layout_style=&#8221;style-02&#8243; icon_image=&#8221;9169&#8243; img_style=&#8221;img-default&#8221; img_size=&#8221;img-size-origin&#8221; title=&#8221;Tutkat&#8221; link=&#8221;url:http%3A%2F%2Faksinekmek.com%2Fproduct%2Ftutkat%2F&#8221;][\/g5element_image_box][g5element_space spacing=&#8221;20&#8243; spacing_lg=&#8221;20&#8243; spacing_md=&#8221;20&#8243; spacing_sm=&#8221;20&#8243; spacing_xs=&#8221;20&#8243;][\/vc_column_inner][\/vc_row_inner][\/vc_tta_section][vc_tta_section title=&#8221;Flour Mixes&#8221; tab_id=&#8221;1565321494738-1a7e15d4-2d80e06a-2ca2&#8243;][vc_row_inner equal_height=&#8221;yes&#8221;][vc_column_inner width=&#8221;1\/2&#8243; offset=&#8221;vc_col-lg-4 vc_col-md-6 vc_col-xs-12&#8243;][g5element_space spacing=&#8221;7&#8243;][g5element_image_box layout_style=&#8221;style-02&#8243; icon_image=&#8221;9019&#8243; img_style=&#8221;img-default&#8221; img_size=&#8221;img-size-origin&#8221; title=&#8221;Inventis \u00c7iya Ekme\u011fi Miksi&#8221; link=&#8221;url:http%3A%2F%2Faksinekmek.com%2Fproduct%2Finventis-ciya-ekmegi-miksi%2F&#8221;][\/g5element_image_box][g5element_space spacing=&#8221;20&#8243; spacing_lg=&#8221;20&#8243; spacing_md=&#8221;20&#8243; spacing_sm=&#8221;20&#8243; spacing_xs=&#8221;20&#8243;][\/vc_column_inner][vc_column_inner width=&#8221;1\/2&#8243; offset=&#8221;vc_col-lg-4 vc_col-md-6 vc_col-xs-12&#8243;][g5element_space spacing=&#8221;7&#8243;][g5element_image_box layout_style=&#8221;style-02&#8243; icon_image=&#8221;9151&#8243; img_style=&#8221;img-default&#8221; img_size=&#8221;img-size-origin&#8221; title=&#8221;Inventis Kepekli Ekmek Miksi&#8221; link=&#8221;url:http%3A%2F%2Faksinekmek.com%2Fproduct%2Finventis-kepekli-ekmek-miksi%2F&#8221;][\/g5element_image_box][g5element_space spacing=&#8221;20&#8243; spacing_lg=&#8221;20&#8243; spacing_md=&#8221;20&#8243; spacing_sm=&#8221;20&#8243; spacing_xs=&#8221;20&#8243;][\/vc_column_inner][vc_column_inner width=&#8221;1\/2&#8243; offset=&#8221;vc_col-lg-4 vc_col-md-6 vc_col-xs-12&#8243;][g5element_space spacing=&#8221;7&#8243;][g5element_image_box layout_style=&#8221;style-02&#8243; icon_image=&#8221;9155&#8243; img_style=&#8221;img-default&#8221; img_size=&#8221;img-size-origin&#8221; title=&#8221;Inventis M\u0131s\u0131r Ekme\u011fi Miksi&#8221; link=&#8221;url:http%3A%2F%2Faksinekmek.com%2Fproduct%2Finventis-misir-ekmegi-miksi%2F&#8221;][\/g5element_image_box][g5element_space spacing=&#8221;20&#8243; spacing_lg=&#8221;20&#8243; spacing_md=&#8221;20&#8243; spacing_sm=&#8221;20&#8243; spacing_xs=&#8221;20&#8243;][\/vc_column_inner][vc_column_inner width=&#8221;1\/2&#8243; offset=&#8221;vc_col-lg-4 vc_col-md-6 vc_col-xs-12&#8243;][g5element_space spacing=&#8221;20&#8243; spacing_lg=&#8221;20&#8243; spacing_md=&#8221;20&#8243; spacing_sm=&#8221;20&#8243; spacing_xs=&#8221;20&#8243;][g5element_image_box layout_style=&#8221;style-02&#8243; icon_image=&#8221;9146&#8243; img_style=&#8221;img-default&#8221; img_size=&#8221;img-size-origin&#8221; title=&#8221;Inventis Siyez Ekme\u011fi Miksi&#8221; link=&#8221;url:http%3A%2F%2Faksinekmek.com%2Fproduct%2Finventis-siyez-ekmegi-miksi%2F|title:Snickerdoodle&#8221;][\/g5element_image_box][g5element_space spacing=&#8221;20&#8243; spacing_lg=&#8221;20&#8243; spacing_md=&#8221;20&#8243; spacing_sm=&#8221;20&#8243; spacing_xs=&#8221;20&#8243;][\/vc_column_inner][\/vc_row_inner][\/vc_tta_section][vc_tta_section title=&#8221;Yeast &#8221; tab_id=&#8221;1565321607484-3aab0345-b040e06a-2ca2&#8243;][vc_row_inner equal_height=&#8221;yes&#8221;][vc_column_inner width=&#8221;1\/2&#8243; offset=&#8221;vc_col-lg-4 vc_col-md-6 vc_col-xs-12&#8243;][g5element_space spacing=&#8221;7&#8243;][g5element_image_box layout_style=&#8221;style-02&#8243; icon_image=&#8221;9004&#8243; img_style=&#8221;img-default&#8221; img_size=&#8221;img-size-origin&#8221; title=&#8221;\u00d6zmaya Standart&#8221; link=&#8221;url:http%3A%2F%2Faksinekmek.com%2Fproduct%2Fozmaya-standart%2F&#8221;][\/g5element_image_box][g5element_space spacing=&#8221;20&#8243; spacing_lg=&#8221;20&#8243; spacing_md=&#8221;20&#8243; spacing_sm=&#8221;20&#8243; spacing_xs=&#8221;20&#8243;][\/vc_column_inner][\/vc_row_inner][\/vc_tta_section][\/vc_tta_tabs][g5element_space spacing=&#8221;84&#8243; spacing_lg=&#8221;60&#8243; spacing_md=&#8221;50&#8243; spacing_sm=&#8221;40&#8243; spacing_xs=&#8221;30&#8243;][\/vc_column][\/vc_row][vc_row el_class=&#8221;text-center vc-col-no-pt&#8221;][vc_column][g5element_space spacing=&#8221;112&#8243; spacing_lg=&#8221;80&#8243; spacing_md=&#8221;70&#8243; spacing_sm=&#8221;60&#8243; spacing_xs=&#8221;50&#8243;][g5element_heading layout_style=&#8221;style-02&#8243; title=&#8221;Best selling products&#8221; switch_line_field=&#8221;on&#8221; limit_width=&#8221;520&#8243;][g5element_space spacing=&#8221;90&#8243; spacing_lg=&#8221;70&#8243; spacing_md=&#8221;60&#8243; spacing_sm=&#8221;50&#8243; spacing_xs=&#8221;40&#8243;][g5element_products_slider item_skin=&#8221;skin-02&#8243; category_enable=&#8221;on&#8221; columns_sm=&#8221;2&#8243; columns=&#8221;1&#8243; slider_pagination_enable=&#8221;&#8221; slider_auto_height_enable=&#8221;&#8221;][g5element_space spacing=&#8221;30&#8243; spacing_lg=&#8221;30&#8243; spacing_md=&#8221;20&#8243; spacing_sm=&#8221;20&#8243; spacing_xs=&#8221;20&#8243;][g5element_button title=&#8221;ALL PRODUCTS&#8221; style=&#8221;outline&#8221; shape=&#8221;round&#8221; color=&#8221;secondary&#8221; size=&#8221;xl&#8221; align=&#8221;center&#8221; link=&#8221;url:https%3A%2F%2Faksinekmek.com%2Fen%2Furunler%2F&#8221;][g5element_space spacing=&#8221;118&#8243; spacing_lg=&#8221;80&#8243; spacing_md=&#8221;70&#8243; spacing_sm=&#8221;60&#8243; spacing_xs=&#8221;50&#8243;][\/vc_column][\/vc_row][vc_row full_width=&#8221;stretch_row_content_no_spaces&#8221; el_class=&#8221;vc-col-no-pt&#8221;][vc_column][g5element_gallery_slider columns_gutter=&#8221;none&#8221; hover_effect=&#8221;jazz&#8221; slider_pagination_enable=&#8221;&#8221; slider_auto_height_enable=&#8221;&#8221; image_size=&#8221;500&#215;500&#8243; images=&#8221;2225,2213,2214,2215,2216&#8243;][\/vc_column][\/vc_row]<\/p>\n","protected":false},"excerpt":{"rendered":"<p>[vc_row][vc_column][\/vc_column][\/vc_row][vc_row full_width=&#8221;stretch_row&#8221; css=&#8221;.vc_custom_1566558942915{background-image: url(http:\/\/aksinekmek.com\/wp-content\/uploads\/2019\/08\/bg-product-01.jpg?id=551) !important;background-position: center !important;background-repeat: no-repeat !important;background-size: cover !important;}&#8221; el_class=&#8221;custom-tab-01&#8243;][vc_column el_class=&#8221;vc-col-no-pt&#8221; css=&#8221;.vc_custom_1565335366159{padding-top: 0px !important;}&#8221;][g5element_space spacing=&#8221;32&#8243; spacing_lg=&#8221;80&#8243; spacing_md=&#8221;70&#8243; spacing_sm=&#8221;60&#8243; spacing_xs=&#8221;50&#8243;][g5element_heading layout_style=&#8221;style-02&#8243; title=&#8221;Products of the day&#8221; switch_line_field=&#8221;on&#8221;][g5element_space spacing=&#8221;10&#8243;][vc_tta_tabs style=&#8221;outline&#8221; shape=&#8221;round&#8221; color=&#8221;black&#8221; spacing=&#8221;30&#8243; gap=&#8221;10&#8243; alignment=&#8221;center&#8221; active_section=&#8221;1&#8243; el_class=&#8221;custom-tab-01&#8243;][vc_tta_section title=&#8221;Additives&#8221; tab_id=&#8221;1565321494724-a1fafc92-8613e06a-2ca2&#8243;][vc_row_inner equal_height=&#8221;yes&#8221; el_class=&#8221;image-box-mg-bt-img-5 custom-description-width-320&#8243;][vc_column_inner width=&#8221;1\/2&#8243; offset=&#8221;vc_col-lg-4 vc_col-md-6 vc_col-xs-12&#8243;][g5element_space spacing=&#8221;7&#8243;][g5element_image_box layout_style=&#8221;style-02&#8243; icon_image=&#8221;9179&#8243; img_style=&#8221;img-default&#8221; img_size=&#8221;img-size-origin&#8221; title=&#8221;Arsan 1&#8243; link=&#8221;url:http%3A%2F%2Faksinekmek.com%2Fproduct%2Farsan-1%2F&#8221;][\/g5element_image_box][g5element_space spacing=&#8221;20&#8243; spacing_lg=&#8221;20&#8243; [&hellip;]<\/p>\n","protected":false},"author":1,"featured_media":0,"parent":0,"menu_order":0,"comment_status":"closed","ping_status":"closed","template":"","meta":{"footnotes":""},"class_list":["post-9410","page","type-page","status-publish","hentry"],"_links":{"self":[{"href":"https:\/\/aksinekmek.com\/en\/wp-json\/wp\/v2\/pages\/9410","targetHints":{"allow":["GET"]}}],"collection":[{"href":"https:\/\/aksinekmek.com\/en\/wp-json\/wp\/v2\/pages"}],"about":[{"href":"https:\/\/aksinekmek.com\/en\/wp-json\/wp\/v2\/types\/page"}],"author":[{"embeddable":true,"href":"https:\/\/aksinekmek.com\/en\/wp-json\/wp\/v2\/users\/1"}],"replies":[{"embeddable":true,"href":"https:\/\/aksinekmek.com\/en\/wp-json\/wp\/v2\/comments?post=9410"}],"version-history":[{"count":3,"href":"https:\/\/aksinekmek.com\/en\/wp-json\/wp\/v2\/pages\/9410\/revisions"}],"predecessor-version":[{"id":9617,"href":"https:\/\/aksinekmek.com\/en\/wp-json\/wp\/v2\/pages\/9410\/revisions\/9617"}],"wp:attachment":[{"href":"https:\/\/aksinekmek.com\/en\/wp-json\/wp\/v2\/media?parent=9410"}],"curies":[{"name":"wp","href":"https:\/\/api.w.org\/{rel}","templated":true}]}}