{"id":9509,"date":"2021-06-01T19:47:23","date_gmt":"2021-06-01T19:47:23","guid":{"rendered":"https:\/\/aksinekmek.com\/urun\/plastik-ekmek-kasasi\/"},"modified":"2022-08-17T11:54:15","modified_gmt":"2022-08-17T08:54:15","slug":"plastik-ekmek-kasasi","status":"publish","type":"product","link":"https:\/\/aksinekmek.com\/en\/urun\/plastik-ekmek-kasasi\/","title":{"rendered":"Plastik Ekmek Kasas\u0131"},"content":{"rendered":"","protected":false},"excerpt":{"rendered":"<p>Plastik Ekmek Kasas\u0131<\/p>\n<p>Sanayi Tipi G\u0131da Uyumlu.<\/p>\n<p>EN : 39 cm<\/p>\n<p>BOY: 60 cm<\/p>\n<p>Y\u00dcKSEKL\u0130K : 39 cm<\/p>\n<p>A\u011eIRLIK : 2.400 gr &#8211; 2.500 gr<\/p>\n<p>T\u0130P : ALTI KAPALI YANLARI DEL\u0130KL\u0130.<\/p>\n<p>35 Adet Ve \u00dczeri Al\u0131\u015fveri\u015flerde \u0130sim Bask\u0131s\u0131 Yap\u0131l\u0131r.<\/p>\n<p>En iyi Fiyat Garantisi<\/p>\n<p>Ucuz \u0130thal \u00dcr\u00fcn De\u011fildir !!<\/p>\n<p>Yerli \u00dcretim 1 .S\u0131n\u0131f Kalite Malzeme.<\/p>\n","protected":false},"featured_media":9472,"template":"","meta":[],"product_cat":[140],"product_tag":[141,142],"class_list":["post-9509","product","type-product","status-publish","has-post-thumbnail","hentry","product_cat-firin-malzemeleri-en","product_tag-ekmek-kasasi-en","product_tag-firin-malzemeleri-en"],"_links":{"self":[{"href":"https:\/\/aksinekmek.com\/en\/wp-json\/wp\/v2\/product\/9509","targetHints":{"allow":["GET"]}}],"collection":[{"href":"https:\/\/aksinekmek.com\/en\/wp-json\/wp\/v2\/product"}],"about":[{"href":"https:\/\/aksinekmek.com\/en\/wp-json\/wp\/v2\/types\/product"}],"wp:featuredmedia":[{"embeddable":true,"href":"https:\/\/aksinekmek.com\/en\/wp-json\/wp\/v2\/media\/9472"}],"wp:attachment":[{"href":"https:\/\/aksinekmek.com\/en\/wp-json\/wp\/v2\/media?parent=9509"}],"wp:term":[{"taxonomy":"product_cat","embeddable":true,"href":"https:\/\/aksinekmek.com\/en\/wp-json\/wp\/v2\/product_cat?post=9509"},{"taxonomy":"product_tag","embeddable":true,"href":"https:\/\/aksinekmek.com\/en\/wp-json\/wp\/v2\/product_tag?post=9509"}],"curies":[{"name":"wp","href":"https:\/\/api.w.org\/{rel}","templated":true}]}}