{"id":9523,"date":"2020-12-04T14:46:31","date_gmt":"2020-12-04T14:46:31","guid":{"rendered":"https:\/\/aksinekmek.com\/urun\/inventis-ciya-ekmegi-miksi\/"},"modified":"2022-06-29T12:48:05","modified_gmt":"2022-06-29T09:48:05","slug":"inventis-ciya-ekmegi-miksi","status":"publish","type":"product","link":"https:\/\/aksinekmek.com\/en\/urun\/inventis-ciya-ekmegi-miksi\/","title":{"rendered":"\u00c7iya Ekme\u011fi Miksi"},"content":{"rendered":"<p>\u00c7iya tohumu, d\u00fcs\u0327\u00fck kalorili olmas\u0131n\u0131n yan\u0131 s\u0131ra iyi bir Omega 3 kaynag\u0306\u0131 olmas\u0131 ile bilinir. Inventis \u00c7iya Ekmeg\u0306i Miksi, \u00e7iya tohumu, keten tohumu, ay \u00e7ekirdeg\u0306i i\u00e7i gibi farkl\u0131 tohumlara ek olarak i\u00e7erig\u0306indeki siyez unu, durum bug\u0306day\u0131 eks\u0327i hamuru sayesinde zengin i\u00e7erikli ekmekler \u00fcretmenize yard\u0131mc\u0131 olur.<\/p>\n","protected":false},"excerpt":{"rendered":"<p>\u00c7iya tohumu, d\u00fcs\u0327\u00fck kalorili olmas\u0131n\u0131n yan\u0131 s\u0131ra iyi bir Omega 3 kaynag\u0306\u0131 olmas\u0131 ile bilinir. Inventis \u00c7iya Ekmeg\u0306i Miksi, \u00e7iya tohumu, keten tohumu, ay \u00e7ekirdeg\u0306i i\u00e7i gibi farkl\u0131 tohumlara ek olarak i\u00e7erig\u0306indeki siyez unu, durum bug\u0306day\u0131 eks\u0327i hamuru sayesinde zengin i\u00e7erikli ekmekler \u00fcretmenize yard\u0131mc\u0131 olur.<\/p>\n","protected":false},"featured_media":9456,"template":"","meta":[],"product_cat":[153],"product_tag":[148,154,155,150],"class_list":["post-9523","product","type-product","status-publish","has-post-thumbnail","hentry","product_cat-un-mixleri-en","product_tag-ekmek-en","product_tag-enzim-en","product_tag-katki-maddesi-en","product_tag-tutkat-en"],"_links":{"self":[{"href":"https:\/\/aksinekmek.com\/en\/wp-json\/wp\/v2\/product\/9523","targetHints":{"allow":["GET"]}}],"collection":[{"href":"https:\/\/aksinekmek.com\/en\/wp-json\/wp\/v2\/product"}],"about":[{"href":"https:\/\/aksinekmek.com\/en\/wp-json\/wp\/v2\/types\/product"}],"wp:featuredmedia":[{"embeddable":true,"href":"https:\/\/aksinekmek.com\/en\/wp-json\/wp\/v2\/media\/9456"}],"wp:attachment":[{"href":"https:\/\/aksinekmek.com\/en\/wp-json\/wp\/v2\/media?parent=9523"}],"wp:term":[{"taxonomy":"product_cat","embeddable":true,"href":"https:\/\/aksinekmek.com\/en\/wp-json\/wp\/v2\/product_cat?post=9523"},{"taxonomy":"product_tag","embeddable":true,"href":"https:\/\/aksinekmek.com\/en\/wp-json\/wp\/v2\/product_tag?post=9523"}],"curies":[{"name":"wp","href":"https:\/\/api.w.org\/{rel}","templated":true}]}}