{"id":9525,"date":"2021-04-18T13:48:13","date_gmt":"2021-04-18T13:48:13","guid":{"rendered":"https:\/\/aksinekmek.com\/urun\/kestart-yagi-hamur-kesme-makinesi-yagi-15-kg\/"},"modified":"2021-04-18T13:48:13","modified_gmt":"2021-04-18T13:48:13","slug":"kestart-yagi-hamur-kesme-makinesi-yagi-15-kg","status":"publish","type":"product","link":"https:\/\/aksinekmek.com\/en\/urun\/kestart-yagi-hamur-kesme-makinesi-yagi-15-kg\/","title":{"rendered":"Kestart Ya\u011f\u0131 Hamur Kesme Makinesi Ya\u011f\u0131 15 kg"},"content":{"rendered":"<p><strong>T\u00fcm AKSIN<sup>\u00ae<\/sup>\u00fcr\u00fcnleri, T\u00fcrk G\u0131da Kodeksi&#8217;ne uygun olarak \u00fcretilmi\u015ftir. Alerjen madde i\u00e7ermez, Helal sertifikal\u0131d\u0131r<\/strong><\/p>\n","protected":false},"excerpt":{"rendered":"<p>RO\u0130L VRKESTART YA\u011eI &#8211; HAMUR KESME MAK\u0130NES\u0130 YA\u011eIBroil VR, , kestart hamur kesme makinelerinin ya\u011flanmas\u0131 amac\u0131 ile \u00f6zel olarak \u00fcretilmi\u015f bitkisel k\u00f6kenli bir \u00fcr\u00fcnd\u00fcr.Kestart makinelerinde s\u0131kl\u0131kla kullan\u0131lan ay\u00e7i\u00e7e\u011fi ve benzeri ya\u011flar\u0131n meydana getirdi\u011fi tortu ve yap\u0131\u015fkanl\u0131k, kesme b\u0131\u00e7a\u011f\u0131n\u0131n hamuru kesememesine, ya\u011f kanallar\u0131n\u0131n s\u0131k s\u0131k t\u0131kanmas\u0131na ve neticesinde makinede ar\u0131zalar meydana gelmesine neden olarak \u00fcretimin aksamas\u0131na ve maliyetlerin artmas\u0131na sebebiyet vermektedir. Broil VR bu tip problemleri ortadan kald\u0131rarak \u00e7ok daha temiz \u00e7al\u0131\u015fma ortam\u0131 olu\u015fmas\u0131n\u0131 sa\u011flar. Makine par\u00e7alar\u0131n\u0131n temiz kalmas\u0131n\u0131 sa\u011flayarak \u00fcretim verimli\u011finin artmas\u0131na katk\u0131da bulunur<\/p>\n","protected":false},"featured_media":9462,"template":"","meta":[],"product_cat":[156],"product_tag":[157],"class_list":["post-9525","product","type-product","status-publish","has-post-thumbnail","hentry","product_cat-tava-yaglari-en","product_tag-kestart-yagi-en"],"_links":{"self":[{"href":"https:\/\/aksinekmek.com\/en\/wp-json\/wp\/v2\/product\/9525","targetHints":{"allow":["GET"]}}],"collection":[{"href":"https:\/\/aksinekmek.com\/en\/wp-json\/wp\/v2\/product"}],"about":[{"href":"https:\/\/aksinekmek.com\/en\/wp-json\/wp\/v2\/types\/product"}],"wp:featuredmedia":[{"embeddable":true,"href":"https:\/\/aksinekmek.com\/en\/wp-json\/wp\/v2\/media\/9462"}],"wp:attachment":[{"href":"https:\/\/aksinekmek.com\/en\/wp-json\/wp\/v2\/media?parent=9525"}],"wp:term":[{"taxonomy":"product_cat","embeddable":true,"href":"https:\/\/aksinekmek.com\/en\/wp-json\/wp\/v2\/product_cat?post=9525"},{"taxonomy":"product_tag","embeddable":true,"href":"https:\/\/aksinekmek.com\/en\/wp-json\/wp\/v2\/product_tag?post=9525"}],"curies":[{"name":"wp","href":"https:\/\/api.w.org\/{rel}","templated":true}]}}