{"id":9527,"date":"2020-12-04T14:46:04","date_gmt":"2020-12-04T14:46:04","guid":{"rendered":"https:\/\/aksinekmek.com\/urun\/inventis-kepekli-ekmek-miksi\/"},"modified":"2020-12-04T14:46:04","modified_gmt":"2020-12-04T14:46:04","slug":"inventis-kepekli-ekmek-miksi","status":"publish","type":"product","link":"https:\/\/aksinekmek.com\/en\/urun\/inventis-kepekli-ekmek-miksi\/","title":{"rendered":"Kepekli Ekmek Miksi"},"content":{"rendered":"<ul>\n<li>25 kg\u2019l\u0131k kraft torba.<\/li>\n<li>Kullan\u0131ma haz\u0131r bir kar\u0131\u015f\u0131md\u0131r. %100 kullan\u0131lmas\u0131 \u00f6nerilir.<\/li>\n<li>Serin ve kuru yerde muhafaza ediniz.<\/li>\n<\/ul>\n<div id=\"ui-accordion-1-panel-2\" class=\"accordion_content no_icon ui-accordion-content ui-helper-reset ui-widget-content ui-corner-bottom ui-accordion-content-active\" role=\"tabpanel\" aria-labelledby=\"ui-accordion-1-header-2\" aria-expanded=\"true\" aria-hidden=\"false\">\n<div class=\"accordion_content_inner\">\n<div class=\"wpb_text_column wpb_content_element \">\n<div class=\"wpb_wrapper\"><\/div>\n<\/div>\n<\/div>\n<\/div>\n","protected":false},"excerpt":{"rendered":"<div id=\"ui-accordion-1-panel-1\" class=\"accordion_content no_icon ui-accordion-content ui-helper-reset ui-widget-content ui-corner-bottom ui-accordion-content-active\" role=\"tabpanel\" aria-labelledby=\"ui-accordion-1-header-1\" aria-expanded=\"true\" aria-hidden=\"false\">\n<div class=\"accordion_content_inner\">\n<div class=\"wpb_text_column wpb_content_element \">\n<div class=\"wpb_wrapper\">\n<div id=\"ui-accordion-1-panel-2\" class=\"accordion_content no_icon ui-accordion-content ui-helper-reset ui-widget-content ui-corner-bottom ui-accordion-content-active\" role=\"tabpanel\" aria-labelledby=\"ui-accordion-1-header-2\" aria-expanded=\"true\" aria-hidden=\"false\">\n<div class=\"accordion_content_inner\">\n<div class=\"wpb_text_column wpb_content_element \">\n<div class=\"wpb_wrapper\">\n<p>Inventis Kepekli Ekmek Miksi, bu\u011fday\u0131n besleyici ve y\u00fcksek lif i\u00e7eren kabuk k\u0131sm\u0131 olan kepekle zenginle\u015ftirilmi\u015ftir. Herkesin severek t\u00fcketti\u011fi kepekli ekmekler \u00fcretmenizi sa\u011flar.<\/p>\n<\/div>\n<\/div>\n<\/div>\n<\/div>\n<h5 id=\"ui-accordion-1-header-1\" class=\"clearfix title-holder ui-accordion-header ui-helper-reset ui-state-default ui-corner-all\" tabindex=\"0\" role=\"tab\" aria-controls=\"ui-accordion-1-panel-1\" aria-selected=\"false\"><\/h5>\n<\/div>\n<\/div>\n<\/div>\n<\/div>\n<h5 id=\"ui-accordion-1-header-2\" class=\"clearfix title-holder ui-accordion-header ui-helper-reset ui-state-default ui-corner-all\" tabindex=\"-1\" role=\"tab\" aria-controls=\"ui-accordion-1-panel-2\" aria-selected=\"false\"><\/h5>\n","protected":false},"featured_media":9476,"template":"","meta":[],"product_cat":[153],"product_tag":[148,158,159],"class_list":["post-9527","product","type-product","status-publish","has-post-thumbnail","hentry","product_cat-un-mixleri-en","product_tag-ekmek-en","product_tag-kepek-ekmek-en","product_tag-kepek-unu-en"],"_links":{"self":[{"href":"https:\/\/aksinekmek.com\/en\/wp-json\/wp\/v2\/product\/9527","targetHints":{"allow":["GET"]}}],"collection":[{"href":"https:\/\/aksinekmek.com\/en\/wp-json\/wp\/v2\/product"}],"about":[{"href":"https:\/\/aksinekmek.com\/en\/wp-json\/wp\/v2\/types\/product"}],"wp:featuredmedia":[{"embeddable":true,"href":"https:\/\/aksinekmek.com\/en\/wp-json\/wp\/v2\/media\/9476"}],"wp:attachment":[{"href":"https:\/\/aksinekmek.com\/en\/wp-json\/wp\/v2\/media?parent=9527"}],"wp:term":[{"taxonomy":"product_cat","embeddable":true,"href":"https:\/\/aksinekmek.com\/en\/wp-json\/wp\/v2\/product_cat?post=9527"},{"taxonomy":"product_tag","embeddable":true,"href":"https:\/\/aksinekmek.com\/en\/wp-json\/wp\/v2\/product_tag?post=9527"}],"curies":[{"name":"wp","href":"https:\/\/api.w.org\/{rel}","templated":true}]}}