{"id":9529,"date":"2020-12-04T14:45:06","date_gmt":"2020-12-04T14:45:06","guid":{"rendered":"https:\/\/aksinekmek.com\/urun\/inventis-misir-ekmegi-miksi\/"},"modified":"2020-12-04T14:45:06","modified_gmt":"2020-12-04T14:45:06","slug":"inventis-misir-ekmegi-miksi","status":"publish","type":"product","link":"https:\/\/aksinekmek.com\/en\/urun\/inventis-misir-ekmegi-miksi\/","title":{"rendered":"M\u0131s\u0131r Ekme\u011fi Miksi"},"content":{"rendered":"<ul>\n<li>Kullan\u0131ma haz\u0131r bir kar\u0131\u015f\u0131md\u0131r. %100 kullan\u0131lmas\u0131 \u00f6nerilir.<\/li>\n<li>25 kg\u2019l\u0131k kraft torba.<\/li>\n<li>\n<div id=\"ui-accordion-1-panel-2\" class=\"accordion_content no_icon ui-accordion-content ui-helper-reset ui-widget-content ui-corner-bottom ui-accordion-content-active\" role=\"tabpanel\" aria-labelledby=\"ui-accordion-1-header-2\" aria-expanded=\"true\" aria-hidden=\"false\">\n<div class=\"accordion_content_inner\">\n<div class=\"wpb_text_column wpb_content_element \">\n<div class=\"wpb_wrapper\">\n<p>Serin ve kuru yerde muhafaza ediniz.<\/p>\n<p><strong>T\u00fcm NUTR\u0130<sup>\u00ae<\/sup>\u00fcr\u00fcnleri, T\u00fcrk G\u0131da Kodeksi&#8217;ne uygun olarak \u00fcretilmi\u015ftir. Alerjen madde i\u00e7ermez, Helal sertifikal\u0131d\u0131r.<\/strong><\/p>\n<\/div>\n<\/div>\n<\/div>\n<\/div>\n<\/li>\n<\/ul>\n","protected":false},"excerpt":{"rendered":"<div id=\"ui-accordion-1-panel-0\" class=\"accordion_content no_icon ui-accordion-content ui-helper-reset ui-widget-content ui-corner-bottom ui-accordion-content-active\" role=\"tabpanel\" aria-labelledby=\"ui-accordion-1-header-0\" aria-expanded=\"true\" aria-hidden=\"false\">\n<div class=\"accordion_content_inner\">\n<div class=\"wpb_text_column wpb_content_element \">\n<div class=\"wpb_wrapper\">\n<div id=\"ui-accordion-1-panel-2\" class=\"accordion_content no_icon ui-accordion-content ui-helper-reset ui-widget-content ui-corner-bottom ui-accordion-content-active\" role=\"tabpanel\" aria-labelledby=\"ui-accordion-1-header-2\" aria-expanded=\"true\" aria-hidden=\"false\">\n<div class=\"accordion_content_inner\">\n<div class=\"wpb_text_column wpb_content_element \">\n<div class=\"wpb_wrapper\">\n<p><span style=\"color: #000000; font-size: 20px; font-weight: bold;\">Inventis M\u0131s\u0131r Ekmeg\u0306i Miksi, kendine has m\u0131s\u0131r kokusu ve lezzetinde m\u0131s\u0131r ekmekleri \u00fcretmenizi sag\u0306lar.<\/span><\/p>\n<\/div>\n<\/div>\n<\/div>\n<\/div>\n<div id=\"ui-accordion-1-panel-1\" class=\"accordion_content no_icon ui-accordion-content ui-helper-reset ui-widget-content ui-corner-bottom ui-accordion-content-active\" role=\"tabpanel\" aria-labelledby=\"ui-accordion-1-header-1\" aria-expanded=\"true\" aria-hidden=\"false\">\n<div class=\"accordion_content_inner\">\n<div class=\"wpb_text_column wpb_content_element \">\n<div class=\"wpb_wrapper\"><\/div>\n<\/div>\n<\/div>\n<\/div>\n<\/div>\n<\/div>\n<\/div>\n<\/div>\n<h5 id=\"ui-accordion-1-header-1\" class=\"clearfix title-holder ui-accordion-header ui-helper-reset ui-state-default ui-corner-all\" tabindex=\"-1\" role=\"tab\" aria-controls=\"ui-accordion-1-panel-1\" aria-selected=\"false\"><\/h5>\n","protected":false},"featured_media":9482,"template":"","meta":[],"product_cat":[153],"product_tag":[160,161,162,163,164,165],"class_list":["post-9529","product","type-product","status-publish","has-post-thumbnail","hentry","product_cat-un-mixleri-en","product_tag-bakery-en","product_tag-bakery-yeast-en","product_tag-cornflour-en","product_tag-misir-ekmegi-en","product_tag-misir-mix-en","product_tag-misir-unu-en"],"_links":{"self":[{"href":"https:\/\/aksinekmek.com\/en\/wp-json\/wp\/v2\/product\/9529","targetHints":{"allow":["GET"]}}],"collection":[{"href":"https:\/\/aksinekmek.com\/en\/wp-json\/wp\/v2\/product"}],"about":[{"href":"https:\/\/aksinekmek.com\/en\/wp-json\/wp\/v2\/types\/product"}],"wp:featuredmedia":[{"embeddable":true,"href":"https:\/\/aksinekmek.com\/en\/wp-json\/wp\/v2\/media\/9482"}],"wp:attachment":[{"href":"https:\/\/aksinekmek.com\/en\/wp-json\/wp\/v2\/media?parent=9529"}],"wp:term":[{"taxonomy":"product_cat","embeddable":true,"href":"https:\/\/aksinekmek.com\/en\/wp-json\/wp\/v2\/product_cat?post=9529"},{"taxonomy":"product_tag","embeddable":true,"href":"https:\/\/aksinekmek.com\/en\/wp-json\/wp\/v2\/product_tag?post=9529"}],"curies":[{"name":"wp","href":"https:\/\/api.w.org\/{rel}","templated":true}]}}