{"id":9531,"date":"2020-12-04T14:45:35","date_gmt":"2020-12-04T14:45:35","guid":{"rendered":"https:\/\/aksinekmek.com\/urun\/inventis-siyez-ekmegi-miksi\/"},"modified":"2020-12-04T14:45:35","modified_gmt":"2020-12-04T14:45:35","slug":"inventis-siyez-ekmegi-miksi","status":"publish","type":"product","link":"https:\/\/aksinekmek.com\/en\/urun\/inventis-siyez-ekmegi-miksi\/","title":{"rendered":"Siyez Ekme\u011fi Miksi"},"content":{"rendered":"<ul>\n<li>Kullan\u0131ma haz\u0131r bir kar\u0131\u015f\u0131md\u0131r. %100 kullan\u0131lmas\u0131 \u00f6nerilir.<\/li>\n<li>Serin ve kuru yerde muhafaza ediniz.<\/li>\n<li>\n<div id=\"ui-accordion-1-panel-1\" class=\"accordion_content no_icon ui-accordion-content ui-helper-reset ui-widget-content ui-corner-bottom ui-accordion-content-active\" role=\"tabpanel\" aria-labelledby=\"ui-accordion-1-header-1\" aria-expanded=\"true\" aria-hidden=\"false\">\n<div class=\"accordion_content_inner\">\n<div class=\"wpb_text_column wpb_content_element \">\n<div class=\"wpb_wrapper\">\n<p>25 kg\u2019l\u0131k kraft torba.<\/p>\n<\/div>\n<\/div>\n<\/div>\n<\/div>\n<h5 id=\"ui-accordion-1-header-2\" class=\"clearfix title-holder ui-accordion-header ui-helper-reset ui-state-default ui-corner-all\" tabindex=\"0\" role=\"tab\" aria-controls=\"ui-accordion-1-panel-2\" aria-selected=\"false\"><\/h5>\n<\/li>\n<\/ul>\n","protected":false},"excerpt":{"rendered":"<h5 id=\"ui-accordion-1-header-2\" class=\"clearfix title-holder ui-accordion-header ui-helper-reset ui-state-default ui-corner-all\" tabindex=\"0\" role=\"tab\" aria-controls=\"ui-accordion-1-panel-2\" aria-selected=\"false\"><span style=\"color: #636363; font-size: 18px; font-weight: 400;\">Anadolu\u2019nun bilinen en eski bu\u011fday t\u00fcr\u00fc olan siyez bu\u011fday\u0131n\u0131n tam tane olarak olarak \u00f6\u011f\u00fct\u00fclmesi ile elde edilen Inventis Siyez Ekme\u011fi Miksi, lezzetli ekmekler yapman\u0131z\u0131 sa\u011flar. D\u00fc\u015f\u00fck glisemik indeksi ile bilinen siyez bu\u011fday\u0131, sindirime yard\u0131mc\u0131 zengin bir lif kayna\u011f\u0131d\u0131r.<\/span><\/h5>\n<h5 id=\"ui-accordion-1-header-3\" class=\"clearfix title-holder ui-accordion-header ui-helper-reset ui-state-default ui-corner-all\" tabindex=\"-1\" role=\"tab\" aria-controls=\"ui-accordion-1-panel-3\" aria-selected=\"false\"><\/h5>\n<div id=\"ui-accordion-1-panel-1\" class=\"accordion_content no_icon ui-accordion-content ui-helper-reset ui-widget-content ui-corner-bottom ui-accordion-content-active\" role=\"tabpanel\" aria-labelledby=\"ui-accordion-1-header-1\" aria-expanded=\"true\" aria-hidden=\"false\">\n<div class=\"accordion_content_inner\">\n<div class=\"wpb_text_column wpb_content_element \"><\/div>\n<\/div>\n<\/div>\n<h5 id=\"ui-accordion-1-header-2\" class=\"clearfix title-holder ui-accordion-header ui-helper-reset ui-state-default ui-corner-all\" tabindex=\"-1\" role=\"tab\" aria-controls=\"ui-accordion-1-panel-2\" aria-selected=\"false\"><\/h5>\n","protected":false},"featured_media":9500,"template":"","meta":[],"product_cat":[153],"product_tag":[148,155,150],"class_list":["post-9531","product","type-product","status-publish","has-post-thumbnail","hentry","product_cat-un-mixleri-en","product_tag-ekmek-en","product_tag-katki-maddesi-en","product_tag-tutkat-en"],"_links":{"self":[{"href":"https:\/\/aksinekmek.com\/en\/wp-json\/wp\/v2\/product\/9531","targetHints":{"allow":["GET"]}}],"collection":[{"href":"https:\/\/aksinekmek.com\/en\/wp-json\/wp\/v2\/product"}],"about":[{"href":"https:\/\/aksinekmek.com\/en\/wp-json\/wp\/v2\/types\/product"}],"wp:featuredmedia":[{"embeddable":true,"href":"https:\/\/aksinekmek.com\/en\/wp-json\/wp\/v2\/media\/9500"}],"wp:attachment":[{"href":"https:\/\/aksinekmek.com\/en\/wp-json\/wp\/v2\/media?parent=9531"}],"wp:term":[{"taxonomy":"product_cat","embeddable":true,"href":"https:\/\/aksinekmek.com\/en\/wp-json\/wp\/v2\/product_cat?post=9531"},{"taxonomy":"product_tag","embeddable":true,"href":"https:\/\/aksinekmek.com\/en\/wp-json\/wp\/v2\/product_tag?post=9531"}],"curies":[{"name":"wp","href":"https:\/\/api.w.org\/{rel}","templated":true}]}}