{"id":9533,"date":"2020-12-04T14:43:10","date_gmt":"2020-12-04T14:43:10","guid":{"rendered":"https:\/\/aksinekmek.com\/urun\/arsan-1\/"},"modified":"2020-12-04T14:43:10","modified_gmt":"2020-12-04T14:43:10","slug":"arsan-1","status":"publish","type":"product","link":"https:\/\/aksinekmek.com\/en\/urun\/arsan-1\/","title":{"rendered":"Arsan 1"},"content":{"rendered":"<ul>\n<li>Ekme\u011fin i\u00e7 yap\u0131s\u0131na beyaz bir g\u00f6r\u00fcn\u00fcm verir<\/li>\n<li>Ekmek kabu\u011funun ince ve parlak olmas\u0131n\u0131 sa\u011flar.<\/li>\n<li>Ekme\u011fin bayatlamas\u0131n\u0131 geciktirerek tazeli\u011fini uzun s\u00fcre korumas\u0131n\u0131 sa\u011flar<\/li>\n<li>Ekme\u011fin lezzetli olmas\u0131na katk\u0131 sa\u011flar.<\/li>\n<\/ul>\n<p>&nbsp;<\/p>\n<p>&nbsp;<\/p>\n","protected":false},"excerpt":{"rendered":"<ul>\n<li>Ekme\u011fin i\u00e7 yap\u0131s\u0131na beyaz bir g\u00f6r\u00fcn\u00fcm verir<\/li>\n<li>Ekmek kabu\u011funun ince ve parlak olmas\u0131n\u0131 sa\u011flar.<\/li>\n<li>Ekme\u011fin bayatlamas\u0131n\u0131 geciktirerek tazeli\u011fini uzun s\u00fcre korumas\u0131n\u0131 sa\u011flar<\/li>\n<li>Ekme\u011fin lezzetli olmas\u0131na katk\u0131 sa\u011flar.<\/li>\n<\/ul>\n","protected":false},"featured_media":9535,"template":"","meta":[],"product_cat":[147],"product_tag":[148,155,150],"class_list":["post-9533","product","type-product","status-publish","has-post-thumbnail","hentry","product_cat-katki-maddesi-en","product_tag-ekmek-en","product_tag-katki-maddesi-en","product_tag-tutkat-en"],"_links":{"self":[{"href":"https:\/\/aksinekmek.com\/en\/wp-json\/wp\/v2\/product\/9533","targetHints":{"allow":["GET"]}}],"collection":[{"href":"https:\/\/aksinekmek.com\/en\/wp-json\/wp\/v2\/product"}],"about":[{"href":"https:\/\/aksinekmek.com\/en\/wp-json\/wp\/v2\/types\/product"}],"wp:featuredmedia":[{"embeddable":true,"href":"https:\/\/aksinekmek.com\/en\/wp-json\/wp\/v2\/media\/9535"}],"wp:attachment":[{"href":"https:\/\/aksinekmek.com\/en\/wp-json\/wp\/v2\/media?parent=9533"}],"wp:term":[{"taxonomy":"product_cat","embeddable":true,"href":"https:\/\/aksinekmek.com\/en\/wp-json\/wp\/v2\/product_cat?post=9533"},{"taxonomy":"product_tag","embeddable":true,"href":"https:\/\/aksinekmek.com\/en\/wp-json\/wp\/v2\/product_tag?post=9533"}],"curies":[{"name":"wp","href":"https:\/\/api.w.org\/{rel}","templated":true}]}}