{"id":9536,"date":"2020-12-04T14:44:24","date_gmt":"2020-12-04T14:44:24","guid":{"rendered":"https:\/\/aksinekmek.com\/urun\/ozmaya-standart\/"},"modified":"2020-12-04T14:44:24","modified_gmt":"2020-12-04T14:44:24","slug":"ozmaya-standart","status":"publish","type":"product","link":"https:\/\/aksinekmek.com\/en\/urun\/ozmaya-standart\/","title":{"rendered":"\u00d6zmaya Standart"},"content":{"rendered":"<p>\u00d6zmaya ya\u015f maya, standart kalitesi ile y\u0131llard\u0131r f\u0131r\u0131nc\u0131lar\u0131n g\u00fcvenle kulland\u0131klar\u0131 bir mayad\u0131r. \u00c7ok geni\u015f bir uygulama alan\u0131na sahiptir. T\u00fcm geleneksel ekmek yap\u0131m prosesleri, uzun proses \u015femalar\u0131, vol\u00fcmetrik kes-tart lar\u0131n kullan\u0131lma durumu yan\u0131s\u0131ra kontroll\u00fc fermentasyon uygulamalar\u0131, yar\u0131 pi\u015fmi\u015f donuk ve di\u011fer donuk \u00fcr\u00fcnler i\u00e7in de uygundur.<\/p>\n<p><strong>T\u00fcm AKSIN<sup>\u00ae<\/sup>\u00fcr\u00fcnleri, T\u00fcrk G\u0131da Kodeksi&#8217;ne uygun olarak \u00fcretilmi\u015ftir. Alerjen madde i\u00e7ermez, Helal sertifikal\u0131d\u0131r.<\/strong><\/p>\n<p>&nbsp;<\/p>\n","protected":false},"excerpt":{"rendered":"<ul>\n<li>Kullan\u0131m oran\u0131; form\u00fcl, proses ve un kalitesine ba\u011fl\u0131 olarak de\u011fi\u015febilir.<br \/>\n100 kg un i\u00e7in %5 oran\u0131na kadar kullan\u0131labilir. \u0130ste\u011fe ba\u011fl\u0131 olarak, suda \u00e7\u00f6zerek veya ufalayarak hamura ilave edilir.<\/li>\n<li>12 kg\u2019l\u0131k koli i\u00e7erisinde 500 g*24 paket. 12 kg\u2019l\u0131k koli i\u00e7erisinde 1 kg*12 paket.<\/li>\n<li>\u00dcr\u00fcn\u00fcn kalitesini koruyabilmesi i\u00e7in 0 \u00b0C ile +4 \u00b0C aras\u0131nda saklanmas\u0131 tavsiye edilir.<br \/>\nKabul edilebilir \u00fcr\u00fcn s\u0131cakl\u0131\u011f\u0131 maksimum 10\u00b0C\u2019dir. Belirtilen saklama ko\u015fullar\u0131nda raf \u00f6mr\u00fc 40 g\u00fcnd\u00fcr.<\/li>\n<\/ul>\n","protected":false},"featured_media":9496,"template":"","meta":[],"product_cat":[166],"product_tag":[161,148,167,168,169],"class_list":["post-9536","product","type-product","status-publish","has-post-thumbnail","hentry","product_cat-mayalar-en","product_tag-bakery-yeast-en","product_tag-ekmek-en","product_tag-firin-en","product_tag-maya-en","product_tag-unlu-mamul-en"],"_links":{"self":[{"href":"https:\/\/aksinekmek.com\/en\/wp-json\/wp\/v2\/product\/9536","targetHints":{"allow":["GET"]}}],"collection":[{"href":"https:\/\/aksinekmek.com\/en\/wp-json\/wp\/v2\/product"}],"about":[{"href":"https:\/\/aksinekmek.com\/en\/wp-json\/wp\/v2\/types\/product"}],"wp:featuredmedia":[{"embeddable":true,"href":"https:\/\/aksinekmek.com\/en\/wp-json\/wp\/v2\/media\/9496"}],"wp:attachment":[{"href":"https:\/\/aksinekmek.com\/en\/wp-json\/wp\/v2\/media?parent=9536"}],"wp:term":[{"taxonomy":"product_cat","embeddable":true,"href":"https:\/\/aksinekmek.com\/en\/wp-json\/wp\/v2\/product_cat?post=9536"},{"taxonomy":"product_tag","embeddable":true,"href":"https:\/\/aksinekmek.com\/en\/wp-json\/wp\/v2\/product_tag?post=9536"}],"curies":[{"name":"wp","href":"https:\/\/api.w.org\/{rel}","templated":true}]}}