{"id":9538,"date":"2020-12-04T14:41:37","date_gmt":"2020-12-04T14:41:37","guid":{"rendered":"https:\/\/aksinekmek.com\/urun\/kardelen\/"},"modified":"2022-01-22T17:23:49","modified_gmt":"2022-01-22T14:23:49","slug":"kardelen","status":"publish","type":"product","link":"https:\/\/aksinekmek.com\/en\/urun\/kardelen\/","title":{"rendered":"Kardelen"},"content":{"rendered":"<p><strong>T\u00fcm AKSIN<sup>\u00ae<\/sup>\u00fcr\u00fcnleri, T\u00fcrk G\u0131da Kodeksi&#8217;ne uygun olarak \u00fcretilmi\u015ftir. Alerjen madde i\u00e7ermez, Helal sertifikal\u0131d\u0131r.<\/strong><\/p>\n","protected":false},"excerpt":{"rendered":"<ul>\n<li>Ekme\u011fin i\u00e7 yap\u0131s\u0131na beyaz bir g\u00f6r\u00fcn\u00fcm verir<\/li>\n<li>Ekme\u011fin bayatlamas\u0131n\u0131 geciktirerek tazeli\u011fini uzun s\u00fcre korumas\u0131n\u0131 sa\u011flar<\/li>\n<li>Ekme\u011fin hacmini artt\u0131r\u0131r ve kaliteli ekmek \u00fcretimini sa\u011flar.<\/li>\n<\/ul>\n","protected":false},"featured_media":9464,"template":"","meta":[],"product_cat":[147],"product_tag":[160,170,148,171,155,150],"class_list":["post-9538","product","type-product","status-publish","has-post-thumbnail","hentry","product_cat-katki-maddesi-en","product_tag-bakery-en","product_tag-bread-improver-en","product_tag-ekmek-en","product_tag-enzyme-en","product_tag-katki-maddesi-en","product_tag-tutkat-en"],"_links":{"self":[{"href":"https:\/\/aksinekmek.com\/en\/wp-json\/wp\/v2\/product\/9538","targetHints":{"allow":["GET"]}}],"collection":[{"href":"https:\/\/aksinekmek.com\/en\/wp-json\/wp\/v2\/product"}],"about":[{"href":"https:\/\/aksinekmek.com\/en\/wp-json\/wp\/v2\/types\/product"}],"wp:featuredmedia":[{"embeddable":true,"href":"https:\/\/aksinekmek.com\/en\/wp-json\/wp\/v2\/media\/9464"}],"wp:attachment":[{"href":"https:\/\/aksinekmek.com\/en\/wp-json\/wp\/v2\/media?parent=9538"}],"wp:term":[{"taxonomy":"product_cat","embeddable":true,"href":"https:\/\/aksinekmek.com\/en\/wp-json\/wp\/v2\/product_cat?post=9538"},{"taxonomy":"product_tag","embeddable":true,"href":"https:\/\/aksinekmek.com\/en\/wp-json\/wp\/v2\/product_tag?post=9538"}],"curies":[{"name":"wp","href":"https:\/\/api.w.org\/{rel}","templated":true}]}}