{"id":9540,"date":"2019-07-25T01:08:45","date_gmt":"2019-07-25T01:08:45","guid":{"rendered":"https:\/\/aksinekmek.com\/urun\/tutkat\/"},"modified":"2019-07-25T01:08:45","modified_gmt":"2019-07-25T01:08:45","slug":"tutkat","status":"publish","type":"product","link":"https:\/\/aksinekmek.com\/en\/urun\/tutkat\/","title":{"rendered":"Kardelen"},"content":{"rendered":"<p><strong>T\u00fcm AKSIN<sup>\u00ae<\/sup>\u00fcr\u00fcnleri, T\u00fcrk G\u0131da Kodeksi&#8217;ne uygun olarak \u00fcretilmi\u015ftir. Alerjen madde i\u00e7ermez, Helal sertifikal\u0131d\u0131r<\/strong><\/p>\n","protected":false},"excerpt":{"rendered":"<ul>\n<li>Ekme\u011fin i\u00e7i yap\u0131s\u0131na beyaz bir g\u00f6r\u00fcn\u00fcm verir.<\/li>\n<li>Ekmek kabu\u011funun ince ve parlak olmas\u0131n\u0131 sa\u011flar.<\/li>\n<li>Ekme\u011fin bayatlamas\u0131n\u0131 geciktirerek tazeli\u011fini uzun s\u00fcre korumas\u0131n\u0131 sa\u011flar<\/li>\n<li>Standart ve \u0131skartas\u0131z ekmek \u00fcretimini sa\u011flar.<\/li>\n<\/ul>\n","protected":false},"featured_media":9468,"template":"","meta":[],"product_cat":[147],"product_tag":[160,170,148,155,150],"class_list":["post-9540","product","type-product","status-publish","has-post-thumbnail","hentry","product_cat-katki-maddesi-en","product_tag-bakery-en","product_tag-bread-improver-en","product_tag-ekmek-en","product_tag-katki-maddesi-en","product_tag-tutkat-en"],"_links":{"self":[{"href":"https:\/\/aksinekmek.com\/en\/wp-json\/wp\/v2\/product\/9540","targetHints":{"allow":["GET"]}}],"collection":[{"href":"https:\/\/aksinekmek.com\/en\/wp-json\/wp\/v2\/product"}],"about":[{"href":"https:\/\/aksinekmek.com\/en\/wp-json\/wp\/v2\/types\/product"}],"wp:featuredmedia":[{"embeddable":true,"href":"https:\/\/aksinekmek.com\/en\/wp-json\/wp\/v2\/media\/9468"}],"wp:attachment":[{"href":"https:\/\/aksinekmek.com\/en\/wp-json\/wp\/v2\/media?parent=9540"}],"wp:term":[{"taxonomy":"product_cat","embeddable":true,"href":"https:\/\/aksinekmek.com\/en\/wp-json\/wp\/v2\/product_cat?post=9540"},{"taxonomy":"product_tag","embeddable":true,"href":"https:\/\/aksinekmek.com\/en\/wp-json\/wp\/v2\/product_tag?post=9540"}],"curies":[{"name":"wp","href":"https:\/\/api.w.org\/{rel}","templated":true}]}}