{"id":9567,"date":"2021-09-10T01:40:06","date_gmt":"2021-09-09T22:40:06","guid":{"rendered":"https:\/\/aksinekmek.com\/urun\/soya-unu\/"},"modified":"2021-09-10T01:45:02","modified_gmt":"2021-09-09T22:45:02","slug":"soya-unu","status":"publish","type":"product","link":"https:\/\/aksinekmek.com\/en\/urun\/soya-unu\/","title":{"rendered":"Soya Unu"},"content":{"rendered":"<ul>\n<li>25 kg\u2019l\u0131k kraft torba.<\/li>\n<li>Kullan\u0131ma haz\u0131r bir kar\u0131\u015f\u0131md\u0131r. %100 kullan\u0131lmas\u0131 \u00f6nerilir.<\/li>\n<li>Serin ve kuru yerde muhafaza ediniz.<\/li>\n<\/ul>\n<p>M\u0131s\u0131r Unu: <strong>M\u0131s\u0131r unu<\/strong>,\u00a0<a href=\"https:\/\/tr.wikipedia.org\/wiki\/M%C4%B1s%C4%B1r_(bitki)\">M\u0131s\u0131r\u0131n<\/a>\u00a0\u00f6\u011f\u00fct\u00fclmesiyle elde edilen ince<\/p>\n","protected":false},"excerpt":{"rendered":"<p>Soya unu y\u00fcksek nitelikli amino asitler a\u00e7\u0131s\u0131ndan zengindir, protein de\u011feri y\u00fcksektir, ve m\u00fckemmel bir demir, kalsiyum ve B vitaminine ra\u011fmen ni\u015fasta i\u00e7eri\u011fi d\u00fc\u015f\u00fckt\u00fcr.<\/p>\n<p>Soya ununun faydalar\u0131ndan istifade etmek i\u00e7in ekmek ve her t\u00fcrl\u00fc hamur \u00fcr\u00fcnlerinde toplam una g\u00f6re %20 oran\u0131nda eklenerek hamurun su tutu\u015funu art\u0131rarak i\u00e7inin yumu\u015fakl\u0131\u011f\u0131 artt\u0131r\u0131l\u0131r.<\/p>\n<p>Soya unu i\u00e7eri\u011fini k\u0131ymetli yapan unsur i\u00e7eri\u011findeki mineral ve vitamin kombinasyonunun hem \u00e7ocuk geli\u015fiminde hemde ilerleyen ya\u015flarda artan ihtiya\u00e7lara ayn\u0131 anda cevap verebilmesidir.<\/p>\n<p>Ekmek yap\u0131m\u0131nda soya ununu k\u0131ymetli yapan unsur i\u00e7eri\u011findeki % 50 ilk protein oran\u0131 ile bayatlamay\u0131 geciktirmesidir. Ekmek yap\u0131m\u0131nda soya unu kullanarak hem soyan\u0131n proteininden hemde bayatlamay\u0131 geciktirme \u00f6zelli\u011finden ayn\u0131 anda istifade edebiliriz.<\/p>\n","protected":false},"featured_media":9559,"template":"","meta":[],"product_cat":[153],"product_tag":[],"class_list":["post-9567","product","type-product","status-publish","has-post-thumbnail","hentry","product_cat-un-mixleri-en"],"_links":{"self":[{"href":"https:\/\/aksinekmek.com\/en\/wp-json\/wp\/v2\/product\/9567","targetHints":{"allow":["GET"]}}],"collection":[{"href":"https:\/\/aksinekmek.com\/en\/wp-json\/wp\/v2\/product"}],"about":[{"href":"https:\/\/aksinekmek.com\/en\/wp-json\/wp\/v2\/types\/product"}],"wp:featuredmedia":[{"embeddable":true,"href":"https:\/\/aksinekmek.com\/en\/wp-json\/wp\/v2\/media\/9559"}],"wp:attachment":[{"href":"https:\/\/aksinekmek.com\/en\/wp-json\/wp\/v2\/media?parent=9567"}],"wp:term":[{"taxonomy":"product_cat","embeddable":true,"href":"https:\/\/aksinekmek.com\/en\/wp-json\/wp\/v2\/product_cat?post=9567"},{"taxonomy":"product_tag","embeddable":true,"href":"https:\/\/aksinekmek.com\/en\/wp-json\/wp\/v2\/product_tag?post=9567"}],"curies":[{"name":"wp","href":"https:\/\/api.w.org\/{rel}","templated":true}]}}