{"id":9568,"date":"2021-09-10T01:42:52","date_gmt":"2021-09-09T22:42:52","guid":{"rendered":"https:\/\/aksinekmek.com\/urun\/misir-unu\/"},"modified":"2021-09-10T01:44:51","modified_gmt":"2021-09-09T22:44:51","slug":"misir-unu","status":"publish","type":"product","link":"https:\/\/aksinekmek.com\/en\/urun\/misir-unu\/","title":{"rendered":"M\u0131s\u0131r Unu"},"content":{"rendered":"<ul>\n<li>25 kg\u2019l\u0131k kraft torba.<\/li>\n<li>Kullan\u0131ma haz\u0131r bir kar\u0131\u015f\u0131md\u0131r. %100 kullan\u0131lmas\u0131 \u00f6nerilir.<\/li>\n<li>Serin ve kuru yerde muhafaza ediniz.<\/li>\n<\/ul>\n","protected":false},"excerpt":{"rendered":"<p><strong>M\u0131s\u0131r unu<\/strong>,\u00a0<a href=\"https:\/\/tr.wikipedia.org\/wiki\/M%C4%B1s%C4%B1r_(bitki)\">M\u0131s\u0131r\u0131n<\/a>\u00a0\u00f6\u011f\u00fct\u00fclmesiyle elde edilen ince toza verilen add\u0131r. Ba\u015fta ekmek ve hamur i\u015fleri olmak \u00fczere pek \u00e7ok g\u0131dada kullan\u0131l\u0131r.<\/p>\n","protected":false},"featured_media":9561,"template":"","meta":[],"product_cat":[153],"product_tag":[],"class_list":["post-9568","product","type-product","status-publish","has-post-thumbnail","hentry","product_cat-un-mixleri-en"],"_links":{"self":[{"href":"https:\/\/aksinekmek.com\/en\/wp-json\/wp\/v2\/product\/9568","targetHints":{"allow":["GET"]}}],"collection":[{"href":"https:\/\/aksinekmek.com\/en\/wp-json\/wp\/v2\/product"}],"about":[{"href":"https:\/\/aksinekmek.com\/en\/wp-json\/wp\/v2\/types\/product"}],"wp:featuredmedia":[{"embeddable":true,"href":"https:\/\/aksinekmek.com\/en\/wp-json\/wp\/v2\/media\/9561"}],"wp:attachment":[{"href":"https:\/\/aksinekmek.com\/en\/wp-json\/wp\/v2\/media?parent=9568"}],"wp:term":[{"taxonomy":"product_cat","embeddable":true,"href":"https:\/\/aksinekmek.com\/en\/wp-json\/wp\/v2\/product_cat?post=9568"},{"taxonomy":"product_tag","embeddable":true,"href":"https:\/\/aksinekmek.com\/en\/wp-json\/wp\/v2\/product_tag?post=9568"}],"curies":[{"name":"wp","href":"https:\/\/api.w.org\/{rel}","templated":true}]}}