{"id":9606,"date":"2023-06-13T23:26:59","date_gmt":"2023-06-13T20:26:58","guid":{"rendered":"https:\/\/aksinekmek.com\/?post_type=product&#038;p=9606"},"modified":"2023-06-13T23:30:43","modified_gmt":"2023-06-13T20:30:43","slug":"fritoz-yagi-18-lt-tnk","status":"publish","type":"product","link":"https:\/\/aksinekmek.com\/en\/urun\/fritoz-yagi-18-lt-tnk\/","title":{"rendered":"Frit\u00f6z Ya\u011f\u0131 &#8211; 18 Lt &#8211;\u00a0Tnk"},"content":{"rendered":"<p>\u00dcr\u00fcn \u00d6zellikleri;<br \/>\n*Tava ya\u011flamas\u0131nda ekme\u011fin tavaya yap\u0131\u015fmas\u0131n\u0131 \u00f6nler<br \/>\n*Kolesterol i\u00e7ermez<br \/>\n*Bitkisel ya\u011flardan \u00fcretilmi\u015ftir<br \/>\n*Form\u00fcl\u00fcndeki ya\u011f\u00a0oran\u0131\u00a0en\u00a0az\u00a0%99<\/p>\n","protected":false},"excerpt":{"rendered":"<p>\u00dcr\u00fcn \u00d6zellikleri;<br \/>\n*Tava ya\u011flamas\u0131nda ekme\u011fin tavaya yap\u0131\u015fmas\u0131n\u0131 \u00f6nler<br \/>\n*Kolesterol i\u00e7ermez<br \/>\n*Bitkisel ya\u011flardan \u00fcretilmi\u015ftir<br \/>\n*Form\u00fcl\u00fcndeki ya\u011f\u00a0oran\u0131\u00a0en\u00a0az\u00a0%99<\/p>\n","protected":false},"featured_media":9608,"template":"","meta":[],"product_cat":[156],"product_tag":[157],"class_list":["post-9606","product","type-product","status-publish","has-post-thumbnail","hentry","product_cat-tava-yaglari-en","product_tag-kestart-yagi-en"],"_links":{"self":[{"href":"https:\/\/aksinekmek.com\/en\/wp-json\/wp\/v2\/product\/9606","targetHints":{"allow":["GET"]}}],"collection":[{"href":"https:\/\/aksinekmek.com\/en\/wp-json\/wp\/v2\/product"}],"about":[{"href":"https:\/\/aksinekmek.com\/en\/wp-json\/wp\/v2\/types\/product"}],"wp:featuredmedia":[{"embeddable":true,"href":"https:\/\/aksinekmek.com\/en\/wp-json\/wp\/v2\/media\/9608"}],"wp:attachment":[{"href":"https:\/\/aksinekmek.com\/en\/wp-json\/wp\/v2\/media?parent=9606"}],"wp:term":[{"taxonomy":"product_cat","embeddable":true,"href":"https:\/\/aksinekmek.com\/en\/wp-json\/wp\/v2\/product_cat?post=9606"},{"taxonomy":"product_tag","embeddable":true,"href":"https:\/\/aksinekmek.com\/en\/wp-json\/wp\/v2\/product_tag?post=9606"}],"curies":[{"name":"wp","href":"https:\/\/api.w.org\/{rel}","templated":true}]}}